{"id":110,"date":"2017-01-30T00:07:09","date_gmt":"2017-01-29T23:07:09","guid":{"rendered":"http:\/\/klimaanlagen.wien\/wp\/?page_id=110"},"modified":"2024-01-15T19:47:48","modified_gmt":"2024-01-15T18:47:48","slug":"klimaanlagen-in-wien","status":"publish","type":"page","link":"https:\/\/www.klimaanlagen.wien\/wp\/","title":{"rendered":"Klimaanlagen in Wien"},"content":{"rendered":"<div id=\"pl-110\"  class=\"panel-layout\" ><div id=\"pg-110-0\"  class=\"panel-grid panel-no-style\" ><div id=\"pgc-110-0-0\"  class=\"panel-grid-cell\" ><div id=\"panel-110-0-0-0\" class=\"so-panel widget widget_sow-video panel-first-child panel-last-child\" data-index=\"0\" ><div\n\t\t\t\n\t\t\tclass=\"so-widget-sow-video so-widget-sow-video-default-f379b959fc93-110\"\n\t\t\t\n\t\t>\n<div class=\"sow-video-wrapper\n\">\n\t\t\t<video\n\t\t\tid=\"sow-player-1\" class=\"sow-video-widget\" preload=\"auto\" style=\"width:100%;height:100%;\" autoplay playsinline muted=\"1\" controls \t\t>\n\t\t\t\t\t\t\t<source type=\"video\/mp4\" src=\"https:\/\/www.klimaanlagen.wien\/wp\/wp-content\/uploads\/2017\/01\/Mein-Film.mp4\"\/>\n\t\t\t\t\t<\/video>\n\t<\/div>\n<\/div><\/div><\/div><\/div><div id=\"pg-110-1\"  class=\"panel-grid panel-no-style\" ><div id=\"pgc-110-1-0\"  class=\"panel-grid-cell\" ><div id=\"panel-110-1-0-0\" class=\"so-panel widget widget_sow-social-media-buttons panel-first-child\" data-index=\"1\" ><div\n\t\t\t\n\t\t\tclass=\"so-widget-sow-social-media-buttons so-widget-sow-social-media-buttons-wire-53f689bcceda-110\"\n\t\t\t\n\t\t>\n\n<div class=\"social-media-button-container\">\n\t\n\t\t<a \n\t\tclass=\"ow-button-hover sow-social-media-button-facebook-0 sow-social-media-button\" title=\"Klimaanlagen Wien in Wien. Einbau professionell und sauber und schnell in Wien und Umgebung. on Facebook\" aria-label=\"Klimaanlagen Wien in Wien. Einbau professionell und sauber und schnell in Wien und Umgebung. on Facebook\" target=\"_blank\" rel=\"noopener noreferrer\" href=\"https:\/\/www.facebook.com\/ihlueftungstechnik\" \t\t>\n\t\t\t<span>\n\t\t\t\t\t\t\t\t<span class=\"sow-icon-fontawesome sow-fab\" data-sow-icon=\"&#xf39e;\"\n\t\t \n\t\taria-hidden=\"true\"><\/span>\t\t\t\t\t\t\t<\/span>\n\t\t<\/a>\n\t\n\t\t<a \n\t\tclass=\"ow-button-hover sow-social-media-button-youtube-0 sow-social-media-button\" title=\"Klimaanlagen Wien in Wien. Einbau professionell und sauber und schnell in Wien und Umgebung. on Youtube\" aria-label=\"Klimaanlagen Wien in Wien. Einbau professionell und sauber und schnell in Wien und Umgebung. on Youtube\" target=\"_blank\" rel=\"noopener noreferrer\" href=\"https:\/\/www.youtube.com\/IHLueftungstechnik\" \t\t>\n\t\t\t<span>\n\t\t\t\t\t\t\t\t<span class=\"sow-icon-fontawesome sow-fab\" data-sow-icon=\"&#xf167;\"\n\t\t \n\t\taria-hidden=\"true\"><\/span>\t\t\t\t\t\t\t<\/span>\n\t\t<\/a>\n\t\n\t\t<a \n\t\tclass=\"ow-button-hover sow-social-media-button-instagram-0 sow-social-media-button\" title=\"Klimaanlagen Wien in Wien. Einbau professionell und sauber und schnell in Wien und Umgebung. on Instagram\" aria-label=\"Klimaanlagen Wien in Wien. Einbau professionell und sauber und schnell in Wien und Umgebung. on Instagram\" target=\"_blank\" rel=\"noopener noreferrer\" href=\"https:\/\/instagram.com\/ihlueftungstechnik\" \t\t>\n\t\t\t<span>\n\t\t\t\t\t\t\t\t<span class=\"sow-icon-fontawesome sow-fab\" data-sow-icon=\"&#xf16d;\"\n\t\t \n\t\taria-hidden=\"true\"><\/span>\t\t\t\t\t\t\t<\/span>\n\t\t<\/a>\n\t<\/div>\n<\/div><\/div><div id=\"panel-110-1-0-1\" class=\"so-panel widget widget_text panel-last-child\" data-index=\"2\" ><h3 class=\"widget-title\">Social Media<\/h3>\t\t\t<div class=\"textwidget\">Werden Sie unser Fan auf Facebook oder schauen Sie sich einige Videos auf YouTube an. Wir freuen uns \u00fcber Ihren Kommentar oder Ihr \"Gef\u00e4llt mir\" <br>\n<br>\nKlicken Sie einfach oben auf die entsprechenden Logos und gelangen Sie direkt zu unserem Facebook oder YouTube-Kanal.\n<br><br>\nAuf diesen Seiten erhalten Sie Informationen \u00fcber den nachtr\u00e4glichen Einbau von Klimaanlagen in Wien und Umgebung. <br><br> IH L\u00fcftungstechnik ist ihr kompetenter zuverl\u00e4ssiger Partner f\u00fcr das Wohlf\u00fchlklima bei Ihnen zuhause.\n<\/div>\n\t\t<\/div><\/div><div id=\"pgc-110-1-1\"  class=\"panel-grid-cell\" ><div id=\"panel-110-1-1-0\" class=\"so-panel widget widget_sow-editor panel-first-child\" data-index=\"3\" ><div\n\t\t\t\n\t\t\tclass=\"so-widget-sow-editor so-widget-sow-editor-base\"\n\t\t\t\n\t\t>\n<div class=\"siteorigin-widget-tinymce textwidget\">\n\t<p><img loading=\"lazy\" decoding=\"async\" class=\"size-medium wp-image-118 aligncenter\" src=\"https:\/\/klimaanlagen.wien\/wp\/wp-content\/uploads\/2017\/01\/Foto-4-e1485790319840-300x286.jpg\" alt=\"\" width=\"300\" height=\"286\" \/><\/p>\n<\/div>\n<\/div><\/div><div id=\"panel-110-1-1-1\" class=\"so-panel widget widget_text panel-last-child\" data-index=\"4\" ><h3 class=\"widget-title\">Schauraum<\/h3>\t\t\t<div class=\"textwidget\">Besuchen Sie uns !\n<br>\nUnser Schauraum in der Laxenburger Strasse 216 im 23. Bezirk Wiens steht Ihnen t\u00e4glich von 10-23 Uhr zur Verf\u00fcgung. <br>Hier k\u00f6nnen sie alle Ger\u00e4te sehen und testen und erhalten eine umfassenden Beratung. \n<br>ACHTUNG  ! <br>Bitte UNBEDINGT Termin vereinbaren. Der Schauraum ist selbstverst\u00e4ndlich nicht die ganze Zeit besetzt.<\/div>\n\t\t<\/div><\/div><div id=\"pgc-110-1-2\"  class=\"panel-grid-cell\" ><div id=\"panel-110-1-2-0\" class=\"so-panel widget widget_sow-google-map panel-first-child panel-last-child\" data-index=\"5\" ><div\n\t\t\t\n\t\t\tclass=\"so-widget-sow-google-map so-widget-sow-google-map-default-ae2c61907b6d-110\"\n\t\t\t\n\t\t>\n<div class=\"sow-google-map-canvas\"\n\tstyle=\"\"\n\tid=\"map-canvas-db14a6387ab79b2b7eba02e957a4c452\"\n\tdata-options=\"{&quot;address&quot;:&quot;IH L\\u00fcftungstechnik\\n1230 Wien&quot;,&quot;zoom&quot;:18,&quot;mobileZoom&quot;:18,&quot;gestureHandling&quot;:&quot;none&quot;,&quot;disableUi&quot;:true,&quot;markerIcon&quot;:&quot;https:\\\/\\\/www.klimaanlagen.wien\\\/wp\\\/wp-content\\\/uploads\\\/2017\\\/01\\\/cropped-3D-Logo_rund2-Kopie-150x150.png&quot;,&quot;markersDraggable&quot;:false,&quot;markerAtCenter&quot;:false,&quot;markerInfoDisplay&quot;:&quot;click&quot;,&quot;markerInfoMultiple&quot;:false,&quot;markerPositions&quot;:false,&quot;mapName&quot;:false,&quot;mapStyles&quot;:false,&quot;directions&quot;:&quot;&quot;,&quot;apiKey&quot;:&quot;AIzaSyBeZkFDApPnDLG8NOT7bzKCHpfELiq_Eys&quot;,&quot;breakpoint&quot;:780,&quot;id&quot;:&quot;69d091&quot;}\"\n\tdata-fallback-image=\"{&quot;img&quot;:&quot;&quot;}\"><\/div>\n<\/div><\/div><\/div><\/div><div id=\"pg-110-2\"  class=\"panel-grid panel-no-style\" ><div id=\"pgc-110-2-0\"  class=\"panel-grid-cell\" ><div id=\"panel-110-2-0-0\" class=\"so-panel widget widget_text panel-first-child panel-last-child\" data-index=\"6\" ><div class=\"panel-widget-style panel-widget-style-for-110-2-0-0\" ><h3 class=\"widget-title\">Informationen Klimaanlagen in Wien<\/h3>\t\t\t<div class=\"textwidget\">Klimaanlagen-Ratgeber : Was f\u00fcr eine Anlage ist die Richtige f\u00fcr Sie ? Es gibt schlichte Wandger\u00e4te, oder Deckeneinbauger\u00e4te, aber auch recht ausgefallene Designermodelle wie zb. das Artcool Stylist oder das LG Artcool Gallery, welches sich in jeden Raum passend einf\u00fcgt. Welcher Klimaanlagen-Typ bin ich ? LG Klimaanlagen im Test. Energieeffizienzklasse A+ und A++. Die Ger\u00e4te aus dem Hause LG sind \u00e4ussert betriebskostenarm. Rufen Sie uns an oder schreiben Sie uns. Wir kommen Sie kostenlos und unverbindlich in Wien besuchen. Klimaanlage und Klimaanlagen in Wien. Einbau perfekt und professionell. Beratung nat\u00fcrlich jederzeit m\u00f6glich. Wir kommen zu Ihnen und beraten Sie vor Ort. Weitere Infos zu dem Thema Klimaanlagen erhalten sie auch auf <a href=\"https:\/\/www.klimaanlage.wien\" target=\"_blank\">www.klimaanlage.wien<\/a> und auf unserer ausf\u00fchrlichen Homepage <a href=\"http:\/\/www.lueftungs-technik.at\" target=\"_blank\">www.lueftungs-technik.at<\/a>\nUnsere Telefonnummer ist 0676-7208464. Klimaanlage in Wien. Klimaanlagen in Wien nachr\u00fcsten. Klimaanlage einbauen um zuhause ein angenehmes Klima zu erreichen. Einbau professionell und sauber und schnell in Wien und Umgebung. Wir montieren auch in M\u00f6dling, Baden, Wiener Neudorf, Wiener Neustadt, V\u00f6sendorf, Guntramsdorf und viele weitere Ortschaften in der Wiener Umgebung. Nat\u00fcrlich auch in Schwechat. Klimaanlage Kosten. Klimaanlagen Preise <strong> klimaanlage klimaanlagen <\/strong><\/div>\n\t\t<\/div><\/div><\/div><\/div><\/div>","protected":false},"excerpt":{"rendered":"<p>Werden Sie unser Fan auf Facebook oder schauen Sie sich einige Videos auf YouTube an. Wir freuen uns \u00fcber Ihren Kommentar oder Ihr &#8222;Gef\u00e4llt mir&#8220; Klicken Sie einfach oben auf die entsprechenden Logos und gelangen Sie direkt zu unserem Facebook oder YouTube-Kanal. Auf diesen Seiten erhalten Sie Informationen \u00fcber den nachtr\u00e4glichen Einbau von Klimaanlagen in &#8230; <a title=\"Klimaanlagen in Wien\" class=\"read-more\" href=\"https:\/\/www.klimaanlagen.wien\/wp\/\">Weiterlesen &#8230;<\/a><\/p>\n","protected":false},"author":3,"featured_media":0,"parent":0,"menu_order":0,"comment_status":"closed","ping_status":"closed","template":"","meta":{"_monsterinsights_skip_tracking":false,"_monsterinsights_sitenote_active":false,"_monsterinsights_sitenote_note":"","_monsterinsights_sitenote_category":0,"footnotes":""},"class_list":["post-110","page","type-page","status-publish"],"aioseo_notices":[],"_links":{"self":[{"href":"https:\/\/www.klimaanlagen.wien\/wp\/wp-json\/wp\/v2\/pages\/110","targetHints":{"allow":["GET"]}}],"collection":[{"href":"https:\/\/www.klimaanlagen.wien\/wp\/wp-json\/wp\/v2\/pages"}],"about":[{"href":"https:\/\/www.klimaanlagen.wien\/wp\/wp-json\/wp\/v2\/types\/page"}],"author":[{"embeddable":true,"href":"https:\/\/www.klimaanlagen.wien\/wp\/wp-json\/wp\/v2\/users\/3"}],"replies":[{"embeddable":true,"href":"https:\/\/www.klimaanlagen.wien\/wp\/wp-json\/wp\/v2\/comments?post=110"}],"version-history":[{"count":16,"href":"https:\/\/www.klimaanlagen.wien\/wp\/wp-json\/wp\/v2\/pages\/110\/revisions"}],"predecessor-version":[{"id":447,"href":"https:\/\/www.klimaanlagen.wien\/wp\/wp-json\/wp\/v2\/pages\/110\/revisions\/447"}],"wp:attachment":[{"href":"https:\/\/www.klimaanlagen.wien\/wp\/wp-json\/wp\/v2\/media?parent=110"}],"curies":[{"name":"wp","href":"https:\/\/api.w.org\/{rel}","templated":true}]}}